{"id":4566,"date":"2022-09-30T17:38:30","date_gmt":"2022-09-30T17:38:30","guid":{"rendered":"https:\/\/cnc.gob.do\/transparencia\/?page_id=4566"},"modified":"2022-09-30T18:09:47","modified_gmt":"2022-09-30T18:09:47","slug":"servicios","status":"publish","type":"page","link":"https:\/\/cnc.gob.do\/transparencia\/servicios\/","title":{"rendered":"Servicios"},"content":{"rendered":"\t\t<div data-elementor-type=\"wp-page\" data-elementor-id=\"4566\" class=\"elementor elementor-4566\" data-elementor-post-type=\"page\">\n\t\t\t\t\t\t<section class=\"elementor-section elementor-top-section elementor-element elementor-element-74a5bd40 elementor-section-boxed elementor-section-height-default elementor-section-height-default\" data-id=\"74a5bd40\" data-element_type=\"section\">\n\t\t\t\t\t\t<div class=\"elementor-container elementor-column-gap-default\">\n\t\t\t\t\t<div class=\"elementor-column elementor-col-100 elementor-top-column elementor-element elementor-element-5afc7d8e\" data-id=\"5afc7d8e\" data-element_type=\"column\">\n\t\t\t<div class=\"elementor-widget-wrap elementor-element-populated\">\n\t\t\t\t\t\t<div class=\"elementor-element elementor-element-77e62ba8 elementor-widget elementor-widget-text-editor\" data-id=\"77e62ba8\" data-element_type=\"widget\" data-widget_type=\"text-editor.default\">\n\t\t\t\t<div class=\"elementor-widget-container\">\n\t\t\t\t\t\t\t\t\t<p>Conforme al Plan Estrat\u00e9gico Institucional 2021-2024, basados en los lineamientos de la Estrategia Nacional de Competitividad (ENC), elaborada por mandato del decreto 640-20, que detalla el rol de la instituci\u00f3n, fueron definidos los siguientes focos de productos y servicios:<br \/>\u2022 Elaboraci\u00f3n de Estrategia Nacional de Competitividad.<br \/>\u2022 Estudios, diagn\u00f3sticos, propuestas para la implementaci\u00f3n de la ENC.<br \/>\u2022 Promoci\u00f3n, sensibilizaci\u00f3n y apoyo a instituciones para la implementaci\u00f3n de la ENC.<br \/>\u2022 Seguimiento, monitoreo y evaluaci\u00f3n a la implementaci\u00f3n ENC.<\/p>\t\t\t\t\t\t\t\t<\/div>\n\t\t\t\t<\/div>\n\t\t\t\t\t<\/div>\n\t\t<\/div>\n\t\t\t\t\t<\/div>\n\t\t<\/section>\n\t\t\t\t<\/div>\n\t\t","protected":false},"excerpt":{"rendered":"<p>Conforme al Plan Estrat\u00e9gico Institucional 2021-2024, basados en los lineamientos de la Estrategia Nacional de Competitividad (ENC), elaborada por mandato del decreto 640-20, que detalla el rol de la instituci\u00f3n, fueron definidos los siguientes focos de productos y servicios: \u2022 Elaboraci\u00f3n de Estrategia Nacional de Competitividad. \u2022 Estudios, diagn\u00f3sticos, propuestas para la implementaci\u00f3n de la [&hellip;]<\/p>\n","protected":false},"author":3,"featured_media":0,"parent":0,"menu_order":0,"comment_status":"closed","ping_status":"closed","template":"","meta":{"footnotes":""},"class_list":["post-4566","page","type-page","status-publish","hentry"],"aioseo_notices":[],"_links":{"self":[{"href":"https:\/\/cnc.gob.do\/transparencia\/wp-json\/wp\/v2\/pages\/4566","targetHints":{"allow":["GET"]}}],"collection":[{"href":"https:\/\/cnc.gob.do\/transparencia\/wp-json\/wp\/v2\/pages"}],"about":[{"href":"https:\/\/cnc.gob.do\/transparencia\/wp-json\/wp\/v2\/types\/page"}],"author":[{"embeddable":true,"href":"https:\/\/cnc.gob.do\/transparencia\/wp-json\/wp\/v2\/users\/3"}],"replies":[{"embeddable":true,"href":"https:\/\/cnc.gob.do\/transparencia\/wp-json\/wp\/v2\/comments?post=4566"}],"version-history":[{"count":21,"href":"https:\/\/cnc.gob.do\/transparencia\/wp-json\/wp\/v2\/pages\/4566\/revisions"}],"predecessor-version":[{"id":4591,"href":"https:\/\/cnc.gob.do\/transparencia\/wp-json\/wp\/v2\/pages\/4566\/revisions\/4591"}],"wp:attachment":[{"href":"https:\/\/cnc.gob.do\/transparencia\/wp-json\/wp\/v2\/media?parent=4566"}],"curies":[{"name":"wp","href":"https:\/\/api.w.org\/{rel}","templated":true}]}}