{"id":374,"date":"2022-07-01T13:49:18","date_gmt":"2022-07-01T13:49:18","guid":{"rendered":"http:\/\/cnc.gob.do\/transparencia\/?page_id=374"},"modified":"2022-07-13T13:31:38","modified_gmt":"2022-07-13T13:31:38","slug":"listado-de-miembros-y-medios-de-contactos","status":"publish","type":"page","link":"https:\/\/cnc.gob.do\/transparencia\/comisiones-de-etica-publica-cep\/listado-de-miembros-y-medios-de-contactos\/","title":{"rendered":"Listado de Miembros y Medios de Contactos"},"content":{"rendered":"\n<figure class=\"wp-block-image aligncenter size-full\"><img fetchpriority=\"high\" decoding=\"async\" width=\"595\" height=\"842\" src=\"http:\/\/cnc.gob.do\/transparencia\/wp-content\/uploads\/2022\/07\/Imag.jpg\" alt=\"\" class=\"wp-image-2062\" srcset=\"https:\/\/cnc.gob.do\/transparencia\/wp-content\/uploads\/2022\/07\/Imag.jpg 595w, https:\/\/cnc.gob.do\/transparencia\/wp-content\/uploads\/2022\/07\/Imag-212x300.jpg 212w\" sizes=\"(max-width: 595px) 100vw, 595px\" \/><\/figure>\n\n\n<div class=\"wpfd-content wpfd-content-default wpfd-content-multi\" data-category=\"400\"             style=\"background-color: rgba(255, 255, 255, 0)\"><input type=\"hidden\" id=\"current_category_400\" value=\"400\" \/>                    <input type=\"hidden\" id=\"current_category_slug_400\" value=\"listado-de-miembros-y-medios-de-contactos\" \/>                    <input type=\"hidden\" id=\"current_ordering_400\" value=\"title\" \/>                    <input type=\"hidden\" id=\"current_ordering_direction_400\" value=\"desc\" \/>                    <input type=\"hidden\" id=\"page_limit_400\" value=\"10\" \/><input type=\"hidden\" id=\"wpfd_display_empty_category_message\" value=\"0\" \/><input type=\"hidden\" id=\"wpfd_empty_category_message_val\" value=\"This file category has no files to display\" \/><input type=\"hidden\" id=\"wpfd_display_empty_folder\" value=\"1\" \/><input type=\"hidden\" id=\"wpfd_is_empty_subcategories\" value=\"1\" \/><input type=\"hidden\" id=\"wpfd_is_empty_files\" value=\"1\" \/>    <script type=\"text\/x-handlebars-template\" class=\"wpfd-template-categories\">        <div class=\"wpfd-categories \">{{#if category}}{{#with category}}{{#if parent}}<a class=\"catlink backcategory\" href=\"#\" data-idcat=\"{{parent}}\">                        <i class=\"zmdi zmdi-chevron-left\"><\/i><span>Back<\/span><\/a>{{\/if}}{{\/with}}{{\/if}}{{#if category.desc}}<div class=\"wpfd-category-desc\">{{category.desc}}<\/div>{{\/if}}{{#if categories}}{{#each categories}}<a class=\"wpfdcategory catlink\" style=\"margin : 10px 10px 10px 10px;\" href=\"#\" data-idcat=\"{{term_id}}\" title=\"{{name}}\">                                <span>{{name}}<\/span><i class=\"zmdi zmdi-folder wpfd-folder\"><\/i>                            <\/a>{{\/each}}{{\/if}}<div class=\"wpfdcategory_placeholder\" style=\"margin : 0 10px 0 10px;\"><\/div><div class=\"wpfdcategory_placeholder\" style=\"margin : 0 10px 0 10px;\"><\/div><div class=\"wpfdcategory_placeholder\" style=\"margin : 0 10px 0 10px;\"><\/div><\/div>    <\/script>    <script type=\"text\/x-handlebars-template\" class=\"wpfd-template-files\">        {{#if files }}        <div class=\"wpfd_list\">            {{#each files}}            <div class=\"file\" style=\"margin : 10px 10px 10px 10px;\" data-id=\"{{ID}}\" data-catid=\"{{catid}}\">                <div class=\"filecontent\">                    {{#if file_custom_icon}}                    <div class=\"icon-custom\"><img decoding=\"async\" src=\"{{file_custom_icon}}\" \/><\/div>                    {{else}}                    <div class=\"ext ext-{{ext}} wpfd-icon-set-png\"><span class=\"txt\">{{ext}}<\/span><\/div>                    {{\/if}}<h3><a href=\"{{linkdownload}}\"  class=\"wpfd_downloadlink\" title=\"{{post_title}}\" target=\"{{#if remote_file}}_blank{{\/if}}\">{{{crop_title}}}<\/a><\/h3>                    <div class=\"file-xinfo\">                        {{#if description}}<div class=\"file-desc\">{{{description}}}<\/div>{{\/if}}{{#if versionNumber}}<div class=\"file-version\"><span>Version:<\/span> {{versionNumber}}<\/div>{{\/if}}<div class=\"file-size\"><span>Size:<\/span> {{bytesToSize size}}<\/div><div class=\"file-hits\"><span>Hits:<\/span> {{hits}}<\/div>                    <\/div>                <\/div>                <span class=\"file-right\">                    <a class=\"downloadlink wpfd_downloadlink\"  href=\"{{linkdownload}}\" style=\"background-color:#76bc58;color:#ffffff;\" target=\"{{#if remote_file}}_blank{{\/if}}\">Descargar<i class=\"zmdi zmdi-cloud-download wpfd-download\"><\/i><\/a>{{#if openpdflink}}<a class=\"openlink wpfdlightbox wpfd_previewlink\" href=\"{{openpdflink}}\" target=\"\">Preview                            <i class=\"zmdi zmdi-filter-center-focus wpfd-preview\"><\/i>                        <\/a>{{else}}{{#if viewerlink}}<a                            href=\"{{viewerlink}}\"                            class=\"openlink wpfdlightbox wpfd_previewlink\"                            target=\"\"                            data-id=\"{{ID}}\"                            data-catid=\"{{catid}}\"                            data-file-type=\"{{ext}}\">Preview<i class=\"zmdi zmdi-filter-center-focus wpfd-preview\"><\/i>                        <\/a>{{\/if}}{{\/if}}                <\/span>            <\/div>            {{\/each}}            <div class=\"file flex_span\" style=\"margin : 10px 10px 10px 10px;\"><\/div>        <\/div>        {{\/if}}    <\/script><div class=\"wpfd-container show_subcategories\">        <div class=\"wpfd-open-tree\"><\/div>    <div class=\"wpfd-container-default \">        <div class=\"wpfd-categories \"><div class=\"wpfd-category-desc\"><\/div><\/div>                    <div class=\"wpfd_list\">                                                        <div class=\"file\" style=\"margin : 10px 10px 10px 10px;\"                         data-id=\"6180\"                         data-catid=\"400\">                            <div class=\"filecontent\">                                <div class=\"ext ext-pdf wpfd-icon-set-png\"><span class=\"txt\">pdf<\/span><\/div><h3><a href=\"https:\/\/cnc.gob.do\/transparencia\/download\/400\/listado-de-miembros-y-medios-de-contactos\/6180\/2-listado-de-miembros-cigcn-2022-2025.pdf\"  class=\"wpfd_downloadlink\" title=\"2 Listado de miembros CIGCN 2022-2025\" target=\"\">2 Listado de miembros CIGCN 2022-2025<\/a><\/h3>                                <div class=\"file-xinfo\">                                    <div class=\"file-desc\"><\/div><div class=\"file-size\"><span>Size:<\/span> 684.76 KB<\/div><div class=\"file-hits\"><span>Hits:<\/span> 150<\/div>                                <\/div>                            <\/div>                            <div class=\"file-right\">                                <a class=\"downloadlink wpfd_downloadlink\"  href=\"https:\/\/cnc.gob.do\/transparencia\/download\/400\/listado-de-miembros-y-medios-de-contactos\/6180\/2-listado-de-miembros-cigcn-2022-2025.pdf\" style=\"background-color:#76bc58;color:#ffffff;\" target=\"\">Descargar<i class=\"zmdi zmdi-cloud-download wpfd-download\"><\/i><\/a><a                            href=\"https:\/\/docs.google.com\/viewer?url=https%3A%2F%2Fcnc.gob.do%2Ftransparencia%2Fwp-admin%2Fadmin-ajax.php%3Fjuwpfisadmin%3Dfalse%26action%3Dwpfd%26task%3Dfile.download%26wpfd_category_id%3D400%26wpfd_file_id%3D6180%26token%3D%26preview%3D1&#038;embedded=true\"                            class=\"openlink wpfdlightbox wpfd_previewlink\"                            target=\"\"                            data-id=\"6180\"                            data-catid=\"400\"                            data-file-type=\"pdf\">Preview<i class=\"zmdi zmdi-filter-center-focus wpfd-preview\"><\/i>                        <\/a>                            <\/div>                    <\/div>                                                                            <div class=\"file\" style=\"margin : 10px 10px 10px 10px;\"                         data-id=\"6179\"                         data-catid=\"400\">                            <div class=\"filecontent\">                                <div class=\"ext ext-xlsx wpfd-icon-set-png\"><span class=\"txt\">xlsx<\/span><\/div><h3><a href=\"https:\/\/cnc.gob.do\/transparencia\/download\/400\/listado-de-miembros-y-medios-de-contactos\/6179\/2-listado-de-miembros-cigcn-2022-2025-2.xlsx\"  class=\"wpfd_downloadlink\" title=\"2 Listado de miembros CIGCN 2022-2025\" target=\"\">2 Listado de miembros CIGCN 2022-2025<\/a><\/h3>                                <div class=\"file-xinfo\">                                    <div class=\"file-desc\"><\/div><div class=\"file-size\"><span>Size:<\/span> 48.94 KB<\/div><div class=\"file-hits\"><span>Hits:<\/span> 201<\/div>                                <\/div>                            <\/div>                            <div class=\"file-right\">                                <a class=\"downloadlink wpfd_downloadlink\"  href=\"https:\/\/cnc.gob.do\/transparencia\/download\/400\/listado-de-miembros-y-medios-de-contactos\/6179\/2-listado-de-miembros-cigcn-2022-2025-2.xlsx\" style=\"background-color:#76bc58;color:#ffffff;\" target=\"\">Descargar<i class=\"zmdi zmdi-cloud-download wpfd-download\"><\/i><\/a><a                            href=\"https:\/\/docs.google.com\/viewer?url=https%3A%2F%2Fcnc.gob.do%2Ftransparencia%2Fwp-admin%2Fadmin-ajax.php%3Fjuwpfisadmin%3Dfalse%26action%3Dwpfd%26task%3Dfile.download%26wpfd_category_id%3D400%26wpfd_file_id%3D6179%26token%3D%26preview%3D1&#038;embedded=true\"                            class=\"openlink wpfdlightbox wpfd_previewlink\"                            target=\"\"                            data-id=\"6179\"                            data-catid=\"400\"                            data-file-type=\"xlsx\">Preview<i class=\"zmdi zmdi-filter-center-focus wpfd-preview\"><\/i>                        <\/a>                            <\/div>                    <\/div>                                                                            <div class=\"file\" style=\"margin : 10px 10px 10px 10px;\"                         data-id=\"2066\"                         data-catid=\"400\">                            <div class=\"filecontent\">                                <div class=\"ext ext-pdf wpfd-icon-set-png\"><span class=\"txt\">pdf<\/span><\/div><h3><a href=\"https:\/\/cnc.gob.do\/transparencia\/download\/400\/listado-de-miembros-y-medios-de-contactos\/2066\/1-listado-de-miembros-y-medios-de-contactos.pdf\"  class=\"wpfd_downloadlink\" title=\"1 Listado de miembros y medios de contactos\" target=\"\">1 Listado de miembros y medios de contactos<\/a><\/h3>                                <div class=\"file-xinfo\">                                    <div class=\"file-desc\"><\/div><div class=\"file-size\"><span>Size:<\/span> 222.31 KB<\/div><div class=\"file-hits\"><span>Hits:<\/span> 311<\/div>                                <\/div>                            <\/div>                            <div class=\"file-right\">                                <a class=\"downloadlink wpfd_downloadlink\"  href=\"https:\/\/cnc.gob.do\/transparencia\/download\/400\/listado-de-miembros-y-medios-de-contactos\/2066\/1-listado-de-miembros-y-medios-de-contactos.pdf\" style=\"background-color:#76bc58;color:#ffffff;\" target=\"\">Descargar<i class=\"zmdi zmdi-cloud-download wpfd-download\"><\/i><\/a><a                            href=\"https:\/\/docs.google.com\/viewer?url=https%3A%2F%2Fcnc.gob.do%2Ftransparencia%2Fwp-admin%2Fadmin-ajax.php%3Fjuwpfisadmin%3Dfalse%26action%3Dwpfd%26task%3Dfile.download%26wpfd_category_id%3D400%26wpfd_file_id%3D2066%26token%3D%26preview%3D1&#038;embedded=true\"                            class=\"openlink wpfdlightbox wpfd_previewlink\"                            target=\"\"                            data-id=\"2066\"                            data-catid=\"400\"                            data-file-type=\"pdf\">Preview<i class=\"zmdi zmdi-filter-center-focus wpfd-preview\"><\/i>                        <\/a>                            <\/div>                    <\/div>                                                                            <div class=\"file\" style=\"margin : 10px 10px 10px 10px;\"                         data-id=\"2067\"                         data-catid=\"400\">                            <div class=\"filecontent\">                                <div class=\"ext ext-pdf wpfd-icon-set-png\"><span class=\"txt\">pdf<\/span><\/div><h3><a href=\"https:\/\/cnc.gob.do\/transparencia\/download\/400\/listado-de-miembros-y-medios-de-contactos\/2067\/0-comunicado-comision-de-etica-publica-por-digeig.pdf\"  class=\"wpfd_downloadlink\" title=\"0 Comunicado Comisi\u00f3n De \u00c9tica P\u00fablica por DIGEIG\" target=\"\">0 Comunicado Comisi\u00f3n De \u00c9tica P\u00fablica por DIGEIG<\/a><\/h3>                                <div class=\"file-xinfo\">                                    <div class=\"file-desc\"><\/div><div class=\"file-size\"><span>Size:<\/span> 335.68 KB<\/div><div class=\"file-hits\"><span>Hits:<\/span> 220<\/div>                                <\/div>                            <\/div>                            <div class=\"file-right\">                                <a class=\"downloadlink wpfd_downloadlink\"  href=\"https:\/\/cnc.gob.do\/transparencia\/download\/400\/listado-de-miembros-y-medios-de-contactos\/2067\/0-comunicado-comision-de-etica-publica-por-digeig.pdf\" style=\"background-color:#76bc58;color:#ffffff;\" target=\"\">Descargar<i class=\"zmdi zmdi-cloud-download wpfd-download\"><\/i><\/a><a                            href=\"https:\/\/docs.google.com\/viewer?url=https%3A%2F%2Fcnc.gob.do%2Ftransparencia%2Fwp-admin%2Fadmin-ajax.php%3Fjuwpfisadmin%3Dfalse%26action%3Dwpfd%26task%3Dfile.download%26wpfd_category_id%3D400%26wpfd_file_id%3D2067%26token%3D%26preview%3D1&#038;embedded=true\"                            class=\"openlink wpfdlightbox wpfd_previewlink\"                            target=\"\"                            data-id=\"2067\"                            data-catid=\"400\"                            data-file-type=\"pdf\">Preview<i class=\"zmdi zmdi-filter-center-focus wpfd-preview\"><\/i>                        <\/a>                            <\/div>                    <\/div>                                                    <div class=\"file flex_span\" style=\"margin : 10px 10px 10px 10px;\"><\/div>            <\/div>                    <\/div><\/div><\/div>\n","protected":false},"excerpt":{"rendered":"","protected":false},"author":2,"featured_media":0,"parent":181,"menu_order":1,"comment_status":"closed","ping_status":"closed","template":"","meta":{"footnotes":""},"class_list":["post-374","page","type-page","status-publish","hentry"],"aioseo_notices":[],"_links":{"self":[{"href":"https:\/\/cnc.gob.do\/transparencia\/wp-json\/wp\/v2\/pages\/374","targetHints":{"allow":["GET"]}}],"collection":[{"href":"https:\/\/cnc.gob.do\/transparencia\/wp-json\/wp\/v2\/pages"}],"about":[{"href":"https:\/\/cnc.gob.do\/transparencia\/wp-json\/wp\/v2\/types\/page"}],"author":[{"embeddable":true,"href":"https:\/\/cnc.gob.do\/transparencia\/wp-json\/wp\/v2\/users\/2"}],"replies":[{"embeddable":true,"href":"https:\/\/cnc.gob.do\/transparencia\/wp-json\/wp\/v2\/comments?post=374"}],"version-history":[{"count":4,"href":"https:\/\/cnc.gob.do\/transparencia\/wp-json\/wp\/v2\/pages\/374\/revisions"}],"predecessor-version":[{"id":2093,"href":"https:\/\/cnc.gob.do\/transparencia\/wp-json\/wp\/v2\/pages\/374\/revisions\/2093"}],"up":[{"embeddable":true,"href":"https:\/\/cnc.gob.do\/transparencia\/wp-json\/wp\/v2\/pages\/181"}],"wp:attachment":[{"href":"https:\/\/cnc.gob.do\/transparencia\/wp-json\/wp\/v2\/media?parent=374"}],"curies":[{"name":"wp","href":"https:\/\/api.w.org\/{rel}","templated":true}]}}