{"id":332,"date":"2022-07-01T13:35:03","date_gmt":"2022-07-01T13:35:03","guid":{"rendered":"http:\/\/cnc.gob.do\/transparencia\/?page_id=332"},"modified":"2022-07-12T19:42:46","modified_gmt":"2022-07-12T19:42:46","slug":"como-registrarse-como-proveedor-del-estado","status":"publish","type":"page","link":"https:\/\/cnc.gob.do\/transparencia\/compras-y-contrataciones\/como-registrarse-como-proveedor-del-estado\/","title":{"rendered":"\u00bfC\u00f3mo Registrarse Como Proveedor del Estado?"},"content":{"rendered":"\n<p>Los proveedores interesados en ofrecer bienes y servicios al Consejo Nacional de Competitividad&nbsp; deben cumplir con los siguientes requisitos:<\/p>\n\n\n\n<ol class=\"wp-block-list\"><li>Contar con el Registro de Proveedores del Estado (RPE), seg\u00fan lo establecido en el portal&nbsp;<a href=\"https:\/\/www.dgcp.gob.do\/servicios\/registro-de-proveedores\/\">https:\/\/www.dgcp.gob.do\/servicios\/registro-de-proveedores\/<\/a><\/li><li>Estar al d\u00eda en el pago de sus obligaciones fiscales.<\/li><li>Depositar en el Departamento de Compras* un Portafolio de Negocios que incluya:<ol><li>Descripci\u00f3n de la empresa<\/li><li>Bienes y servicios ofrecidos<\/li><li>Servicios de valor a\u00f1adido<\/li><li>Experiencia en el mercado<\/li><li>Referencias comerciales<\/li><li>T\u00e9rminos de pago<\/li><li>T\u00e9rminos de entrega<\/li><\/ol><\/li><li>Participar de los procesos de las compras y contrataciones publicados a trav\u00e9s de este portal y la Direcci\u00f3n General de Contrataciones P\u00fablicas&nbsp;<a href=\"https:\/\/comunidad.comprasdominicana.gob.do\/Public\/Tendering\/ContractNoticeManagement\/Index\">https:\/\/comunidad.comprasdominicana.gob.do\/Public\/Tendering\/ContractNoticeManagement\/Index<\/a>&nbsp; &nbsp;y en el portal de nuestra organizaci\u00f3n gubernamental en la secci\u00f3n de transparencia.<\/li><\/ol>\n","protected":false},"excerpt":{"rendered":"<p>Los proveedores interesados en ofrecer bienes y servicios al Consejo Nacional de Competitividad&nbsp; deben cumplir con los siguientes requisitos: Contar con el Registro de Proveedores del Estado (RPE), seg\u00fan lo establecido en el portal&nbsp;https:\/\/www.dgcp.gob.do\/servicios\/registro-de-proveedores\/ Estar al d\u00eda en el pago de sus obligaciones fiscales. Depositar en el Departamento de Compras* un Portafolio de Negocios que [&hellip;]<\/p>\n","protected":false},"author":2,"featured_media":0,"parent":174,"menu_order":1,"comment_status":"closed","ping_status":"closed","template":"","meta":{"footnotes":""},"class_list":["post-332","page","type-page","status-publish","hentry"],"aioseo_notices":[],"_links":{"self":[{"href":"https:\/\/cnc.gob.do\/transparencia\/wp-json\/wp\/v2\/pages\/332","targetHints":{"allow":["GET"]}}],"collection":[{"href":"https:\/\/cnc.gob.do\/transparencia\/wp-json\/wp\/v2\/pages"}],"about":[{"href":"https:\/\/cnc.gob.do\/transparencia\/wp-json\/wp\/v2\/types\/page"}],"author":[{"embeddable":true,"href":"https:\/\/cnc.gob.do\/transparencia\/wp-json\/wp\/v2\/users\/2"}],"replies":[{"embeddable":true,"href":"https:\/\/cnc.gob.do\/transparencia\/wp-json\/wp\/v2\/comments?post=332"}],"version-history":[{"count":2,"href":"https:\/\/cnc.gob.do\/transparencia\/wp-json\/wp\/v2\/pages\/332\/revisions"}],"predecessor-version":[{"id":2059,"href":"https:\/\/cnc.gob.do\/transparencia\/wp-json\/wp\/v2\/pages\/332\/revisions\/2059"}],"up":[{"embeddable":true,"href":"https:\/\/cnc.gob.do\/transparencia\/wp-json\/wp\/v2\/pages\/174"}],"wp:attachment":[{"href":"https:\/\/cnc.gob.do\/transparencia\/wp-json\/wp\/v2\/media?parent=332"}],"curies":[{"name":"wp","href":"https:\/\/api.w.org\/{rel}","templated":true}]}}