{"id":245,"date":"2022-07-01T02:03:11","date_gmt":"2022-07-01T02:03:11","guid":{"rendered":"http:\/\/cnc.gob.do\/transparencia\/?page_id=245"},"modified":"2022-07-12T16:41:51","modified_gmt":"2022-07-12T16:41:51","slug":"responsable-de-acceso-a-la-informacion-rai","status":"publish","type":"page","link":"https:\/\/cnc.gob.do\/transparencia\/oai\/responsable-de-acceso-a-la-informacion-rai\/","title":{"rendered":"Responsable de Acceso a la Informaci\u00f3n (RAI)"},"content":{"rendered":"\n<h3 class=\"wp-block-heading\">Contacto Responsable de Acceso a la Informaci\u00f3n<\/h3>\n\n\n\n<p>Aladdin Jim\u00e9nez S\u00e1nchez<br>Responsable de Acceso a la Informaci\u00f3n (RAI)<br>Tel\u00e9fono: 809-476-7262 extensi\u00f3n 3004<br>Direcci\u00f3n: Ave. Jim\u00e9nez Moya #32, Edificio Franco Acra, 6to. Piso, Santo Domingo, R.D.<br>Correo electr\u00f3nico:&nbsp;<a href=\"mailto:transparencia@competitividad.gob.do?subject=Contacto%20RAI%20-%20Consejo%20Nacional%20de%20Competitividad\">transparencia@competitividad.gob.do<\/a><\/p>\n","protected":false},"excerpt":{"rendered":"<p>Contacto Responsable de Acceso a la Informaci\u00f3n Aladdin Jim\u00e9nez S\u00e1nchezResponsable de Acceso a la Informaci\u00f3n (RAI)Tel\u00e9fono: 809-476-7262 extensi\u00f3n 3004Direcci\u00f3n: Ave. Jim\u00e9nez Moya #32, Edificio Franco Acra, 6to. Piso, Santo Domingo, R.D.Correo electr\u00f3nico:&nbsp;transparencia@competitividad.gob.do<\/p>\n","protected":false},"author":2,"featured_media":0,"parent":153,"menu_order":6,"comment_status":"closed","ping_status":"closed","template":"","meta":{"footnotes":""},"class_list":["post-245","page","type-page","status-publish","hentry"],"aioseo_notices":[],"_links":{"self":[{"href":"https:\/\/cnc.gob.do\/transparencia\/wp-json\/wp\/v2\/pages\/245","targetHints":{"allow":["GET"]}}],"collection":[{"href":"https:\/\/cnc.gob.do\/transparencia\/wp-json\/wp\/v2\/pages"}],"about":[{"href":"https:\/\/cnc.gob.do\/transparencia\/wp-json\/wp\/v2\/types\/page"}],"author":[{"embeddable":true,"href":"https:\/\/cnc.gob.do\/transparencia\/wp-json\/wp\/v2\/users\/2"}],"replies":[{"embeddable":true,"href":"https:\/\/cnc.gob.do\/transparencia\/wp-json\/wp\/v2\/comments?post=245"}],"version-history":[{"count":2,"href":"https:\/\/cnc.gob.do\/transparencia\/wp-json\/wp\/v2\/pages\/245\/revisions"}],"predecessor-version":[{"id":1869,"href":"https:\/\/cnc.gob.do\/transparencia\/wp-json\/wp\/v2\/pages\/245\/revisions\/1869"}],"up":[{"embeddable":true,"href":"https:\/\/cnc.gob.do\/transparencia\/wp-json\/wp\/v2\/pages\/153"}],"wp:attachment":[{"href":"https:\/\/cnc.gob.do\/transparencia\/wp-json\/wp\/v2\/media?parent=245"}],"curies":[{"name":"wp","href":"https:\/\/api.w.org\/{rel}","templated":true}]}}