{"id":235,"date":"2022-07-01T01:58:14","date_gmt":"2022-07-01T01:58:14","guid":{"rendered":"http:\/\/cnc.gob.do\/transparencia\/?page_id=235"},"modified":"2022-07-12T13:42:45","modified_gmt":"2022-07-12T13:42:45","slug":"derechos-de-los-ciudadanos-de-acceder-a-la-informacion-publica","status":"publish","type":"page","link":"https:\/\/cnc.gob.do\/transparencia\/oai\/derechos-de-los-ciudadanos-de-acceder-a-la-informacion-publica\/","title":{"rendered":"Derechos de los Ciudadanos de Acceder a la Informaci\u00f3n P\u00fablica"},"content":{"rendered":"\n<h3 class=\"wp-block-heading\">Todo ciudadano(a) tiene derecho a:<\/h3>\n\n\n\n<ul class=\"wp-block-list\"><li><strong>SOLICITAR&nbsp;<\/strong>informaci\u00f3n de cualquier \u00f3rgano del Estado Dominicano y de todas las sociedades an\u00f3nimas, compa\u00f1\u00edas an\u00f3nimas o compa\u00f1\u00edas por acciones con participaci\u00f3n estatal.<\/li><li><strong>RECIBIR&nbsp;<\/strong>informaci\u00f3n completa, veraz, adecuada y oportuna de cualquier \u00f3rgano del Estado Dominicano y de todas las sociedades an\u00f3nimas, compa\u00f1\u00edas an\u00f3nimas o compa\u00f1\u00edas por acciones con participaci\u00f3n estatal.<\/li><li><strong>ACCESO&nbsp;<\/strong>gratuito a la informaci\u00f3n en tanto que no requiera reproducci\u00f3n de la misma.<\/li><li><strong>SOLICITAR, RECIBIR y DIFUNDIR<\/strong>&nbsp;informaciones pertenecientes a la administraci\u00f3n del Estado.<\/li><li><strong>CONOCER&nbsp;<\/strong>los proyectos de reglamentos y otras disposiciones de car\u00e1cter general que rigen las relaciones entre los particulares y la administraci\u00f3n.<\/li><li><strong>OBTENER&nbsp;<\/strong>informaci\u00f3n sobre los servicios que ofrece el Estado, requisitos costos.<\/li><li><strong>SABER&nbsp;<\/strong>la estructura, integrantes, normativas de funcionamiento, proyectos, informes de gesti\u00f3n, y bases de datos de la administraci\u00f3n p\u00fablica.<\/li><li><strong>CONOCER&nbsp;<\/strong>sobre los presupuestos y c\u00e1lculos de recursos y gastos aprobados, su evoluci\u00f3n y estado de ejecuci\u00f3n.<\/li><li><strong>TENER&nbsp;<\/strong>informaci\u00f3n sobre los programas y proyectos, sus presupuestos, plazos, ejecuci\u00f3n y supervisi\u00f3n.<\/li><li><strong>ESTAR AL TANTO<\/strong>&nbsp;sobre las licitaciones, concursos, compras, gastos y resultados.<\/li><li><strong>ACCEDER&nbsp;<\/strong>a la n\u00f3mina del Estado y sus remuneraciones.<\/li><li><strong>CONOCER&nbsp;<\/strong>la declaraci\u00f3n jurada patrimonial de los funcionarios del Estado cuando su presentaci\u00f3n corresponda por ley.<\/li><li><strong>RECIBIR&nbsp;<\/strong>informaci\u00f3n sobre el listado de beneficiarios de programas asistenciales, subsidios, becas, jubilaciones, pensiones y retiros.<\/li><li><strong>SABER&nbsp;<\/strong>sobre el estado de cuentas de la deuda p\u00fablica, sus vencimientos y pagos.<\/li><li><strong>BUSCAR&nbsp;<\/strong>las leyes, decretos, resoluciones, disposiciones, marcos regulatorios y cualquier tipo de normativa.<\/li><li><strong>SOLICITAR Y RECIBIR<\/strong>&nbsp;oportunamente cualquier tipo de documentaci\u00f3n financiera relativa al presupuesto p\u00fablico.<\/li><\/ul>\n\n\n\n<p>En cumplimiento a la Ley 200-04 y el Decreto 130-05, el acceso a la informaci\u00f3n se har\u00e1 efectivo siempre y cuando no afecte la seguridad nacional, el orden p\u00fablico, la salud o la moral p\u00fablica o el derecho a la privacidad e intimidad de un tercero o el derecho a la reputaci\u00f3n de los dem\u00e1s.<\/p>\n","protected":false},"excerpt":{"rendered":"<p>Todo ciudadano(a) tiene derecho a: SOLICITAR&nbsp;informaci\u00f3n de cualquier \u00f3rgano del Estado Dominicano y de todas las sociedades an\u00f3nimas, compa\u00f1\u00edas an\u00f3nimas o compa\u00f1\u00edas por acciones con participaci\u00f3n estatal. RECIBIR&nbsp;informaci\u00f3n completa, veraz, adecuada y oportuna de cualquier \u00f3rgano del Estado Dominicano y de todas las sociedades an\u00f3nimas, compa\u00f1\u00edas an\u00f3nimas o compa\u00f1\u00edas por acciones con participaci\u00f3n estatal. ACCESO&nbsp;gratuito [&hellip;]<\/p>\n","protected":false},"author":2,"featured_media":0,"parent":153,"menu_order":1,"comment_status":"closed","ping_status":"closed","template":"","meta":{"footnotes":""},"class_list":["post-235","page","type-page","status-publish","hentry"],"aioseo_notices":[],"_links":{"self":[{"href":"https:\/\/cnc.gob.do\/transparencia\/wp-json\/wp\/v2\/pages\/235","targetHints":{"allow":["GET"]}}],"collection":[{"href":"https:\/\/cnc.gob.do\/transparencia\/wp-json\/wp\/v2\/pages"}],"about":[{"href":"https:\/\/cnc.gob.do\/transparencia\/wp-json\/wp\/v2\/types\/page"}],"author":[{"embeddable":true,"href":"https:\/\/cnc.gob.do\/transparencia\/wp-json\/wp\/v2\/users\/2"}],"replies":[{"embeddable":true,"href":"https:\/\/cnc.gob.do\/transparencia\/wp-json\/wp\/v2\/comments?post=235"}],"version-history":[{"count":2,"href":"https:\/\/cnc.gob.do\/transparencia\/wp-json\/wp\/v2\/pages\/235\/revisions"}],"predecessor-version":[{"id":1815,"href":"https:\/\/cnc.gob.do\/transparencia\/wp-json\/wp\/v2\/pages\/235\/revisions\/1815"}],"up":[{"embeddable":true,"href":"https:\/\/cnc.gob.do\/transparencia\/wp-json\/wp\/v2\/pages\/153"}],"wp:attachment":[{"href":"https:\/\/cnc.gob.do\/transparencia\/wp-json\/wp\/v2\/media?parent=235"}],"curies":[{"name":"wp","href":"https:\/\/api.w.org\/{rel}","templated":true}]}}