{"id":109,"date":"2022-06-30T20:43:26","date_gmt":"2022-06-30T20:43:26","guid":{"rendered":"http:\/\/cnc.gob.do\/transparencia\/?page_id=109"},"modified":"2025-12-12T17:25:35","modified_gmt":"2025-12-12T17:25:35","slug":"inicio","status":"publish","type":"page","link":"https:\/\/cnc.gob.do\/transparencia\/","title":{"rendered":"Inicio"},"content":{"rendered":"\t\t<div data-elementor-type=\"wp-page\" data-elementor-id=\"109\" class=\"elementor elementor-109\" data-elementor-post-type=\"page\">\n\t\t\t\t\t\t<section class=\"elementor-section elementor-top-section elementor-element elementor-element-19bb1930 elementor-section-boxed elementor-section-height-default elementor-section-height-default\" data-id=\"19bb1930\" data-element_type=\"section\">\n\t\t\t\t\t\t<div class=\"elementor-container elementor-column-gap-default\">\n\t\t\t\t\t<div class=\"elementor-column elementor-col-100 elementor-top-column elementor-element elementor-element-53c4b086\" data-id=\"53c4b086\" data-element_type=\"column\">\n\t\t\t<div class=\"elementor-widget-wrap elementor-element-populated\">\n\t\t\t\t\t\t<div class=\"elementor-element elementor-element-15ea595 elementor-widget elementor-widget-image\" data-id=\"15ea595\" data-element_type=\"widget\" data-widget_type=\"image.default\">\n\t\t\t\t<div class=\"elementor-widget-container\">\n\t\t\t\t\t\t\t\t\t\t\t\t\t\t\t<img fetchpriority=\"high\" decoding=\"async\" width=\"800\" height=\"262\" src=\"https:\/\/cnc.gob.do\/transparencia\/wp-content\/uploads\/2022\/07\/Transparencia.jpg\" class=\"attachment-large size-large wp-image-312\" alt=\"\" srcset=\"https:\/\/cnc.gob.do\/transparencia\/wp-content\/uploads\/2022\/07\/Transparencia.jpg 908w, https:\/\/cnc.gob.do\/transparencia\/wp-content\/uploads\/2022\/07\/Transparencia-300x98.jpg 300w, https:\/\/cnc.gob.do\/transparencia\/wp-content\/uploads\/2022\/07\/Transparencia-768x251.jpg 768w\" sizes=\"(max-width: 800px) 100vw, 800px\" \/>\t\t\t\t\t\t\t\t\t\t\t\t\t\t\t<\/div>\n\t\t\t\t<\/div>\n\t\t\t\t<div class=\"elementor-element elementor-element-0849ee2 elementor-widget elementor-widget-text-editor\" data-id=\"0849ee2\" data-element_type=\"widget\" data-widget_type=\"text-editor.default\">\n\t\t\t\t<div class=\"elementor-widget-container\">\n\t\t\t\t\t\t\t\t\t<p data-uw-styling-context=\"true\">En este portal interactivo hacemos disponible todo lo requerido en la Ley General de Libre Acceso a la Informaci\u00f3n P\u00fablica\u00a0 Ley 200-04 la cual establece la actualizaci\u00f3n permanente de las informaciones ofrecidas y la fijaci\u00f3n de plazos para la entrega de informaci\u00f3n.<\/p>\n<p data-uw-styling-context=\"true\">\u00a0<\/p>\n<p data-uw-styling-context=\"true\">El Decreto No. 130-05 que crea el reglamento de la ley donde ciudadanos y ciudadanas de la Rep\u00fablica Dominicana tienen el derecho a solicitar cualquier informaci\u00f3n sobre el manejo de los recursos econ\u00f3micos del Estado.<\/p>\n<p data-uw-styling-context=\"true\">\u00a0<\/p>\n<p data-uw-styling-context=\"true\">La oficina de Libre Acceso a la informaci\u00f3n tiene como objetivo ofrecer informaciones veraces y objetivas acerca de todo lo concerniente al Consejo Nacional de Competitividad para concienciar a la poblaci\u00f3n de la misi\u00f3n la cual estamos comprometidos.<\/p>\t\t\t\t\t\t\t\t<\/div>\n\t\t\t\t<\/div>\n\t\t\t\t\t<\/div>\n\t\t<\/div>\n\t\t\t\t\t<\/div>\n\t\t<\/section>\n\t\t\t\t<\/div>\n\t\t","protected":false},"excerpt":{"rendered":"<p>En este portal interactivo hacemos disponible todo lo requerido en la Ley General de Libre Acceso a la Informaci\u00f3n P\u00fablica\u00a0 Ley 200-04 la cual establece la actualizaci\u00f3n permanente de las informaciones ofrecidas y la fijaci\u00f3n de plazos para la entrega de informaci\u00f3n. \u00a0 El Decreto No. 130-05 que crea el reglamento de la ley donde [&hellip;]<\/p>\n","protected":false},"author":2,"featured_media":312,"parent":0,"menu_order":0,"comment_status":"closed","ping_status":"closed","template":"","meta":{"footnotes":""},"class_list":["post-109","page","type-page","status-publish","has-post-thumbnail","hentry"],"aioseo_notices":[],"_links":{"self":[{"href":"https:\/\/cnc.gob.do\/transparencia\/wp-json\/wp\/v2\/pages\/109","targetHints":{"allow":["GET"]}}],"collection":[{"href":"https:\/\/cnc.gob.do\/transparencia\/wp-json\/wp\/v2\/pages"}],"about":[{"href":"https:\/\/cnc.gob.do\/transparencia\/wp-json\/wp\/v2\/types\/page"}],"author":[{"embeddable":true,"href":"https:\/\/cnc.gob.do\/transparencia\/wp-json\/wp\/v2\/users\/2"}],"replies":[{"embeddable":true,"href":"https:\/\/cnc.gob.do\/transparencia\/wp-json\/wp\/v2\/comments?post=109"}],"version-history":[{"count":20,"href":"https:\/\/cnc.gob.do\/transparencia\/wp-json\/wp\/v2\/pages\/109\/revisions"}],"predecessor-version":[{"id":12290,"href":"https:\/\/cnc.gob.do\/transparencia\/wp-json\/wp\/v2\/pages\/109\/revisions\/12290"}],"wp:featuredmedia":[{"embeddable":true,"href":"https:\/\/cnc.gob.do\/transparencia\/wp-json\/wp\/v2\/media\/312"}],"wp:attachment":[{"href":"https:\/\/cnc.gob.do\/transparencia\/wp-json\/wp\/v2\/media?parent=109"}],"curies":[{"name":"wp","href":"https:\/\/api.w.org\/{rel}","templated":true}]}}